{"id":15,"date":"2022-04-26T15:49:49","date_gmt":"2022-04-26T13:49:49","guid":{"rendered":"https:\/\/t-pacquet.fr\/?page_id=15"},"modified":"2022-04-26T17:28:08","modified_gmt":"2022-04-26T15:28:08","slug":"__trashed-4","status":"publish","type":"page","link":"https:\/\/t-pacquet.fr\/","title":{"rendered":"ACCUEIL"},"content":{"rendered":"\n<div style=\"height:50px\" aria-hidden=\"true\" class=\"wp-block-spacer\"><\/div>\n\n\n\n<div class=\"wp-block-cover alignfull is-light has-parallax\" style=\"background-image:url(http:\/\/t-pacquet.fr\/wp-content\/uploads\/2022\/04\/67321534_2992183510822608_8755298168700141568_n.jpeg);min-height:100vh;aspect-ratio:unset;\"><span aria-hidden=\"true\" class=\"has-background-dim-40 wp-block-cover__gradient-background has-background-dim\" style=\"background-color:#000000\"><\/span><div class=\"wp-block-cover__inner-container is-layout-flow wp-block-cover-is-layout-flow\">\n<h2 class=\"alignwide has-white-color has-text-color wp-block-heading\" style=\"font-size:48px;line-height:1.2\"><strong><em>TRANSPORTS PACQUET<\/em><\/strong><\/h2>\n\n\n\n<div class=\"wp-block-columns alignwide is-layout-flex wp-container-core-columns-is-layout-9d6595d7 wp-block-columns-is-layout-flex\">\n<div class=\"wp-block-column is-layout-flow wp-block-column-is-layout-flow\" style=\"flex-basis:60%\">\n<p class=\"has-background-color has-text-color\">Depuis 1975, les <strong>Transports Pacquet<\/strong>&nbsp;accompagne les professionnels dans leurs probl\u00e9matiques de transport gr\u00e2ce \u00e0 sa flotte compl\u00e8te.<\/p>\n\n\n\n<p class=\"has-background-color has-text-color\">Mati\u00e8res &#8211; mat\u00e9riaux &#8211; mat\u00e9riels &#8211; d\u00e9chets, en vrac ou conditionn\u00e9s, nous avons le camion qu&rsquo;il vous faut !<\/p>\n\n\n\n<p class=\"has-background-color has-text-color\">Notre large flotte est coupl\u00e9e \u00e0 celle de notre r\u00e9seau partenaire pour trouver en toutes circonstances la solution la plus adapt\u00e9e.<\/p>\n\n\n\n<p class=\"has-background-color has-text-color\">Notre devise, r\u00e9pondre positivement \u00e0 votre demande puisque chez&nbsp;<strong>Pacquet<\/strong>&nbsp;nous avons toujours une r\u00e9ponse \u00e0 votre probl\u00e9matique.<\/p>\n\n\n\n<div class=\"wp-block-buttons is-layout-flex wp-block-buttons-is-layout-flex\">\n<div class=\"wp-block-button is-style-outline is-style-outline--1\"><a class=\"wp-block-button__link has-text-color has-background\" style=\"background-color:#8c1a60;color:#ffffff\">03 20 17 22 22<\/a><\/div>\n<\/div>\n<\/div>\n\n\n\n<div class=\"wp-block-column is-layout-flow wp-block-column-is-layout-flow\"><\/div>\n<\/div>\n<\/div><\/div>\n\n\n\n<div class=\"wp-block-columns alignwide are-vertically-aligned-top is-layout-flex wp-container-core-columns-is-layout-9d6595d7 wp-block-columns-is-layout-flex\">\n<div class=\"wp-block-column is-vertically-aligned-top is-layout-flow wp-block-column-is-layout-flow\">\n<h3 class=\"wp-block-heading\"><strong>MATERIAUX EN VRAC<\/strong><\/h3>\n\n\n\n<p>Pour vos d\u00e9p\u00f4ts ou reprises de mat\u00e9riaux en vrac, nous vous proposons jusqu&rsquo;\u00e0 3&nbsp;solutions de transports :&nbsp;<\/p>\n\n\n\n<p>&#8211; SEMI-TP&nbsp;ou benne c\u00e9r\u00e9ali\u00e8re ou benne \u00e0 fond mouvant<\/p>\n\n\n\n<p>&#8211; AMPLIROLL&nbsp;en 6&#215;4 et 8&#215;4<\/p>\n\n\n\n<p>&#8211; CAMION GRUE<\/p>\n\n\n\n<p>\u200b<\/p>\n\n\n\n<p>Profitez de nos diff\u00e9rents types de bennes pour r\u00e9pondre au mieux \u00e0 vos besoins :&nbsp;Recybox de 1,5 \u00e0 3m3 &#8211; Bennes Ampliroll de 8 \u00e0 30m3, multi-bennes de 7m3, semi-bennes de 20 \u00e0 90m3&#8230;<\/p>\n<\/div>\n\n\n\n<div class=\"wp-block-column is-vertically-aligned-top is-layout-flow wp-block-column-is-layout-flow\">\n<h3 class=\"wp-block-heading\"><strong>MATERIAUX CONDITIONNES<\/strong><\/h3>\n\n\n\n<p>Pour vos d\u00e9p\u00f4ts ou reprises de mat\u00e9riaux conditionn\u00e9s en BigBag ou en Recybox, nous vous proposons 3&nbsp;solutions de transports :&nbsp;<\/p>\n\n\n\n<p>&#8211; TAUTLINER avec son chariot embarqu\u00e9<\/p>\n\n\n\n<p>&#8211; CAMION GRUE<\/p>\n\n\n\n<p>&#8211; CAMION REMORQUE avec son chariot embarqu\u00e9<\/p>\n\n\n\n<p>\u200b<\/p>\n\n\n\n<p>En plus des mati\u00e8res traditionnelles, nous transportons vos&nbsp;d\u00e9chets dangereux,&nbsp;d\u00e9chets amiantes&nbsp;et votre&nbsp;ferraille.<\/p>\n<\/div>\n\n\n\n<div class=\"wp-block-column is-vertically-aligned-top is-layout-flow wp-block-column-is-layout-flow\">\n<h3 class=\"wp-block-heading\"><strong>TRANSPORT DE MACHINES<\/strong><\/h3>\n\n\n\n<p>Pour d\u00e9poser vos mat\u00e9riels de chantier, nous vous proposons notre service de transport de machines avec nos PORTES-ENGINS.<\/p>\n<\/div>\n<\/div>\n\n\n\n<p><\/p>\n","protected":false},"excerpt":{"rendered":"<p>MATERIAUX EN VRAC Pour vos d\u00e9p\u00f4ts ou reprises de mat\u00e9riaux en vrac, nous vous proposons jusqu&rsquo;\u00e0 3&nbsp;solutions de transports :&nbsp; &#8211; SEMI-TP&nbsp;ou benne c\u00e9r\u00e9ali\u00e8re ou benne \u00e0 fond mouvant &#8211; AMPLIROLL&nbsp;en 6&#215;4 et 8&#215;4 &#8211; CAMION GRUE \u200b Profitez de nos diff\u00e9rents types de bennes pour r\u00e9pondre au mieux \u00e0 vos besoins :&nbsp;Recybox de 1,5 [&hellip;]<\/p>\n","protected":false},"author":1,"featured_media":0,"parent":0,"menu_order":0,"comment_status":"closed","ping_status":"closed","template":"","meta":{"footnotes":""},"class_list":["post-15","page","type-page","status-publish","hentry"],"_links":{"self":[{"href":"https:\/\/t-pacquet.fr\/index.php\/wp-json\/wp\/v2\/pages\/15","targetHints":{"allow":["GET"]}}],"collection":[{"href":"https:\/\/t-pacquet.fr\/index.php\/wp-json\/wp\/v2\/pages"}],"about":[{"href":"https:\/\/t-pacquet.fr\/index.php\/wp-json\/wp\/v2\/types\/page"}],"author":[{"embeddable":true,"href":"https:\/\/t-pacquet.fr\/index.php\/wp-json\/wp\/v2\/users\/1"}],"replies":[{"embeddable":true,"href":"https:\/\/t-pacquet.fr\/index.php\/wp-json\/wp\/v2\/comments?post=15"}],"version-history":[{"count":6,"href":"https:\/\/t-pacquet.fr\/index.php\/wp-json\/wp\/v2\/pages\/15\/revisions"}],"predecessor-version":[{"id":80,"href":"https:\/\/t-pacquet.fr\/index.php\/wp-json\/wp\/v2\/pages\/15\/revisions\/80"}],"wp:attachment":[{"href":"https:\/\/t-pacquet.fr\/index.php\/wp-json\/wp\/v2\/media?parent=15"}],"curies":[{"name":"wp","href":"https:\/\/api.w.org\/{rel}","templated":true}]}}